{"id":922,"date":"2019-07-18T00:47:29","date_gmt":"2019-07-18T00:47:29","guid":{"rendered":"http:\/\/tonaniadvogados.com.br\/?page_id=922"},"modified":"2019-08-19T15:00:02","modified_gmt":"2019-08-19T15:00:02","slug":"home-2019","status":"publish","type":"page","link":"https:\/\/tonaniadvogados.com.br\/en\/","title":{"rendered":"Home 2019"},"content":{"rendered":"<div class=\"panel-grid\" id=\"pg-922-0\"><div class=\"panel-grid-core\"><div class=\"panel-grid-cell\" id=\"pgc-922-0-0\" ><div class=\"animated start-fadeInUp\" title=\"\"><h3 style=\"font-size: 28px;font-weight: 300;font-style: normal;margin-bottom: 35px;\"><span>Latest news<\/span><\/h3><\/div><div class=\"clearboth\"><\/div><div class=\"animated start-bounceIn\" title=\"0\"><p><img loading=\"lazy\" decoding=\"async\" class=\"alignleft size-full wp-image-687\" src=\"http:\/\/tonaniadvogados.com.br\/wp-content\/uploads\/2015\/07\/400x200_01.jpg\" alt=\"Tonani\" width=\"400\" height=\"200\" srcset=\"https:\/\/tonaniadvogados.com.br\/wp-content\/uploads\/2015\/07\/400x200_01.jpg 400w, https:\/\/tonaniadvogados.com.br\/wp-content\/uploads\/2015\/07\/400x200_01-300x150.jpg 300w\" sizes=\"auto, (max-width: 400px) 100vw, 400px\" \/><\/p><p><ul class=\"display-posts-listing\"><li class=\"listing-item\"><a class=\"title\" href=\"https:\/\/tonaniadvogados.com.br\/en\/instagram-terceiro-setor\/\">(Portugu\u00eas) Instagram n\u00e3o \u00e9 s\u00f3 comunica\u00e7\u00e3o: riscos jur\u00eddicos da imagem institucional no Terceiro Setor<\/a><\/li><\/ul><\/p><\/div><div class=\"clearboth\"><\/div><\/div><div class=\"panel-grid-cell\" id=\"pgc-922-0-1\" ><div class=\"animated start-fadeInUp\" title=\"\"><h3 style=\"font-size: 28px;font-weight: 300;font-style: normal;margin-bottom: 35px;\"><span>Latest publication<\/span><\/h3><\/div><div class=\"clearboth\"><\/div><div class=\"animated start-bounceIn\" title=\"0\"><p><img loading=\"lazy\" decoding=\"async\" class=\"alignleft size-full wp-image-688\" src=\"http:\/\/tonaniadvogados.com.br\/wp-content\/uploads\/2015\/07\/400x200_02.jpg\" alt=\"400x200_02\" width=\"400\" height=\"200\" srcset=\"https:\/\/tonaniadvogados.com.br\/wp-content\/uploads\/2015\/07\/400x200_02.jpg 400w, https:\/\/tonaniadvogados.com.br\/wp-content\/uploads\/2015\/07\/400x200_02-300x150.jpg 300w\" sizes=\"auto, (max-width: 400px) 100vw, 400px\" \/><\/p><p><ul class=\"display-posts-listing\"><li class=\"listing-item\"><a class=\"title\" href=\"https:\/\/tonaniadvogados.com.br\/en\/logistica-reversa-juridico\/\">(Portugu\u00eas) Do descarte de produtos \u00e0 economia circular: inova\u00e7\u00f5es e oportunidades na log\u00edstica reversa no Brasil<\/a><\/li><\/ul><\/p><\/div><div class=\"clearboth\"><\/div><\/div><\/div><\/div><div class=\"panel-grid\" id=\"pg-922-1\"><div class=\"panel-grid-core\"><div class=\"panel-grid-cell\" id=\"pgc-922-1-0\" ><div class=\"animated start-fadeInUp\" title=\"\"><h3 style=\"font-size: 28px;font-weight: 300;font-style: normal;margin-bottom: 35px;\"><span>Contact us<\/span><\/h3><\/div><div class=\"clearboth\"><\/div>\n<div class=\"wpcf7 no-js\" id=\"wpcf7-f415-o1\" lang=\"pt-BR\" dir=\"ltr\" data-wpcf7-id=\"415\">\n<div class=\"screen-reader-response\"><p role=\"status\" aria-live=\"polite\" aria-atomic=\"true\"><\/p> <ul><\/ul><\/div>\n<form action=\"\/en\/wp-json\/wp\/v2\/pages\/922#wpcf7-f415-o1\" method=\"post\" class=\"wpcf7-form init\" aria-label=\"Formul\u00e1rios de contato\" novalidate=\"novalidate\" data-status=\"init\">\n<fieldset class=\"hidden-fields-container\"><input type=\"hidden\" name=\"_wpcf7\" value=\"415\" \/><input type=\"hidden\" name=\"_wpcf7_version\" value=\"6.1.5\" \/><input type=\"hidden\" name=\"_wpcf7_locale\" value=\"pt_BR\" \/><input type=\"hidden\" name=\"_wpcf7_unit_tag\" value=\"wpcf7-f415-o1\" \/><input type=\"hidden\" name=\"_wpcf7_container_post\" value=\"0\" \/><input type=\"hidden\" name=\"_wpcf7_posted_data_hash\" value=\"\" \/><input type=\"hidden\" name=\"_wpcf7_recaptcha_response\" value=\"\" \/>\n<\/fieldset>\n<p>Your name (required)\n<\/p>\n<p><span class=\"wpcf7-form-control-wrap\" data-name=\"your-name\"><input size=\"40\" maxlength=\"400\" class=\"wpcf7-form-control wpcf7-text wpcf7-validates-as-required\" aria-required=\"true\" aria-invalid=\"false\" value=\"\" type=\"text\" name=\"your-name\" \/><\/span>\n<\/p>\n<p>Your e-mail (required)\n<\/p>\n<p><span class=\"wpcf7-form-control-wrap\" data-name=\"your-email\"><input size=\"40\" maxlength=\"400\" class=\"wpcf7-form-control wpcf7-email wpcf7-validates-as-required wpcf7-text wpcf7-validates-as-email\" aria-required=\"true\" aria-invalid=\"false\" value=\"\" type=\"email\" name=\"your-email\" \/><\/span>\n<\/p>\n<p>Subject\n<\/p>\n<p><span class=\"wpcf7-form-control-wrap\" data-name=\"your-subject\"><input size=\"40\" maxlength=\"400\" class=\"wpcf7-form-control wpcf7-text\" aria-invalid=\"false\" value=\"\" type=\"text\" name=\"your-subject\" \/><\/span>\n<\/p>\n<p>Message\n<\/p>\n<p><span class=\"wpcf7-form-control-wrap\" data-name=\"your-message\"><textarea cols=\"40\" rows=\"10\" maxlength=\"2000\" class=\"wpcf7-form-control wpcf7-textarea\" aria-invalid=\"false\" name=\"your-message\"><\/textarea><\/span>\n<\/p>\n<p><span class=\"wpcf7-form-control-wrap\" data-name=\"checkbox-569\"><span class=\"wpcf7-form-control wpcf7-checkbox\"><span class=\"wpcf7-list-item first last\"><input type=\"checkbox\" name=\"checkbox-569[]\" value=\"Aceito receber informa\u00e7\u00f5es e comunica\u00e7\u00f5es sobre Tonani Advogados por e-mail.\" \/><span class=\"wpcf7-list-item-label\">Aceito receber informa\u00e7\u00f5es e comunica\u00e7\u00f5es sobre Tonani Advogados por e-mail.<\/span><\/span><\/span><\/span>\n<\/p>\n<p><input class=\"wpcf7-form-control wpcf7-submit has-spinner\" type=\"submit\" value=\"Send\" \/>\n<\/p><div class=\"wpcf7-response-output\" aria-hidden=\"true\"><\/div>\n<\/form>\n<\/div>\n<\/div><div class=\"panel-grid-cell\" id=\"pgc-922-1-1\" >&nbsp;<\/div><\/div><\/div>","protected":false},"excerpt":{"rendered":"<p>Latest newsNot\u00edcia recente Latest publicationPublica\u00e7\u00e3o recente Contact usContato Your name (required)Seu nome (obrigat\u00f3rio) Your e-mail (required)Seu e-mail (obrigat\u00f3rio) SubjectAssunto MessageSua mensagem &nbsp;<\/p>\n","protected":false},"author":1,"featured_media":0,"parent":0,"menu_order":0,"comment_status":"closed","ping_status":"closed","template":"template-parallax.php","meta":{"footnotes":"","_links_to":"","_links_to_target":""},"class_list":["post-922","page","type-page","status-publish","hentry"],"_links":{"self":[{"href":"https:\/\/tonaniadvogados.com.br\/en\/wp-json\/wp\/v2\/pages\/922","targetHints":{"allow":["GET"]}}],"collection":[{"href":"https:\/\/tonaniadvogados.com.br\/en\/wp-json\/wp\/v2\/pages"}],"about":[{"href":"https:\/\/tonaniadvogados.com.br\/en\/wp-json\/wp\/v2\/types\/page"}],"author":[{"embeddable":true,"href":"https:\/\/tonaniadvogados.com.br\/en\/wp-json\/wp\/v2\/users\/1"}],"replies":[{"embeddable":true,"href":"https:\/\/tonaniadvogados.com.br\/en\/wp-json\/wp\/v2\/comments?post=922"}],"version-history":[{"count":0,"href":"https:\/\/tonaniadvogados.com.br\/en\/wp-json\/wp\/v2\/pages\/922\/revisions"}],"wp:attachment":[{"href":"https:\/\/tonaniadvogados.com.br\/en\/wp-json\/wp\/v2\/media?parent=922"}],"curies":[{"name":"wp","href":"https:\/\/api.w.org\/{rel}","templated":true}]}}